{"id":26,"date":"2024-10-13T17:02:38","date_gmt":"2024-10-13T22:02:38","guid":{"rendered":"https:\/\/landazurijewelry.com\/?page_id=26"},"modified":"2025-07-05T21:18:36","modified_gmt":"2025-07-06T02:18:36","slug":"la-joya","status":"publish","type":"page","link":"https:\/\/landazurijewelry.com\/?page_id=26","title":{"rendered":"La Joya"},"content":{"rendered":"<div class=\"wp-block-image\">\n<figure class=\"aligncenter size-large is-resized\"><img loading=\"lazy\" decoding=\"async\" width=\"819\" height=\"1024\" src=\"https:\/\/landazurijewelry.com\/wp-content\/uploads\/2025\/06\/LA-JOYA-819x1024.png\" alt=\"\" class=\"wp-image-207\" style=\"width:274px;height:auto\" srcset=\"https:\/\/landazurijewelry.com\/wp-content\/uploads\/2025\/06\/LA-JOYA-819x1024.png 819w, https:\/\/landazurijewelry.com\/wp-content\/uploads\/2025\/06\/LA-JOYA-240x300.png 240w, https:\/\/landazurijewelry.com\/wp-content\/uploads\/2025\/06\/LA-JOYA-768x960.png 768w, https:\/\/landazurijewelry.com\/wp-content\/uploads\/2025\/06\/LA-JOYA.png 1080w\" sizes=\"auto, (max-width: 819px) 100vw, 819px\" \/><\/figure>\n<\/div>\n\n\n<p>Espl\u00e9ndida exhibici\u00f3n de obras y piezas de alta calidad con finis\u00edmos acabados y meticulosos detalles.<\/p>\n\n\n<div class=\"wp-block-image\">\n<figure class=\"aligncenter size-large is-resized\"><img loading=\"lazy\" decoding=\"async\" width=\"1024\" height=\"1024\" src=\"https:\/\/landazurijewelry.com\/wp-content\/uploads\/2025\/07\/Logo-doble-anillo-blanco-1024x1024.png\" alt=\"\" class=\"wp-image-265\" style=\"width:57px;height:auto\" srcset=\"https:\/\/landazurijewelry.com\/wp-content\/uploads\/2025\/07\/Logo-doble-anillo-blanco-1024x1024.png 1024w, https:\/\/landazurijewelry.com\/wp-content\/uploads\/2025\/07\/Logo-doble-anillo-blanco-300x300.png 300w, https:\/\/landazurijewelry.com\/wp-content\/uploads\/2025\/07\/Logo-doble-anillo-blanco-150x150.png 150w, https:\/\/landazurijewelry.com\/wp-content\/uploads\/2025\/07\/Logo-doble-anillo-blanco-768x768.png 768w, https:\/\/landazurijewelry.com\/wp-content\/uploads\/2025\/07\/Logo-doble-anillo-blanco-666x666.png 666w, https:\/\/landazurijewelry.com\/wp-content\/uploads\/2025\/07\/Logo-doble-anillo-blanco.png 1080w\" sizes=\"auto, (max-width: 1024px) 100vw, 1024px\" \/><\/figure>\n<\/div>\n\n\n<figure class=\"wp-block-gallery has-nested-images columns-default is-cropped wp-block-gallery-1 is-layout-flex wp-block-gallery-is-layout-flex\">\n<figure class=\"wp-block-image size-large\"><img loading=\"lazy\" decoding=\"async\" width=\"768\" height=\"1024\" data-id=\"214\" src=\"https:\/\/landazurijewelry.com\/wp-content\/uploads\/2025\/06\/1.-IMG_20231116_124644-la-joya-768x1024.jpg\" alt=\"\" class=\"wp-image-214\" srcset=\"https:\/\/landazurijewelry.com\/wp-content\/uploads\/2025\/06\/1.-IMG_20231116_124644-la-joya-768x1024.jpg 768w, https:\/\/landazurijewelry.com\/wp-content\/uploads\/2025\/06\/1.-IMG_20231116_124644-la-joya-225x300.jpg 225w, https:\/\/landazurijewelry.com\/wp-content\/uploads\/2025\/06\/1.-IMG_20231116_124644-la-joya-1152x1536.jpg 1152w, https:\/\/landazurijewelry.com\/wp-content\/uploads\/2025\/06\/1.-IMG_20231116_124644-la-joya-1536x2048.jpg 1536w, https:\/\/landazurijewelry.com\/wp-content\/uploads\/2025\/06\/1.-IMG_20231116_124644-la-joya-scaled.jpg 1920w\" sizes=\"auto, (max-width: 768px) 100vw, 768px\" \/><\/figure>\n\n\n\n<figure class=\"wp-block-image size-large\"><img loading=\"lazy\" decoding=\"async\" width=\"768\" height=\"1024\" data-id=\"212\" src=\"https:\/\/landazurijewelry.com\/wp-content\/uploads\/2025\/06\/2.-IMG_20230615_173636-768x1024.jpg\" alt=\"\" class=\"wp-image-212\" srcset=\"https:\/\/landazurijewelry.com\/wp-content\/uploads\/2025\/06\/2.-IMG_20230615_173636-768x1024.jpg 768w, https:\/\/landazurijewelry.com\/wp-content\/uploads\/2025\/06\/2.-IMG_20230615_173636-225x300.jpg 225w, https:\/\/landazurijewelry.com\/wp-content\/uploads\/2025\/06\/2.-IMG_20230615_173636-1152x1536.jpg 1152w, https:\/\/landazurijewelry.com\/wp-content\/uploads\/2025\/06\/2.-IMG_20230615_173636-1536x2048.jpg 1536w, https:\/\/landazurijewelry.com\/wp-content\/uploads\/2025\/06\/2.-IMG_20230615_173636-scaled.jpg 1920w\" sizes=\"auto, (max-width: 768px) 100vw, 768px\" \/><\/figure>\n\n\n\n<figure class=\"wp-block-image size-large\"><img loading=\"lazy\" decoding=\"async\" width=\"768\" height=\"1024\" data-id=\"211\" src=\"https:\/\/landazurijewelry.com\/wp-content\/uploads\/2025\/06\/3.-IMG_20230928_125102-768x1024.jpg\" alt=\"\" class=\"wp-image-211\" srcset=\"https:\/\/landazurijewelry.com\/wp-content\/uploads\/2025\/06\/3.-IMG_20230928_125102-768x1024.jpg 768w, https:\/\/landazurijewelry.com\/wp-content\/uploads\/2025\/06\/3.-IMG_20230928_125102-225x300.jpg 225w, https:\/\/landazurijewelry.com\/wp-content\/uploads\/2025\/06\/3.-IMG_20230928_125102-1152x1536.jpg 1152w, https:\/\/landazurijewelry.com\/wp-content\/uploads\/2025\/06\/3.-IMG_20230928_125102-1536x2048.jpg 1536w, https:\/\/landazurijewelry.com\/wp-content\/uploads\/2025\/06\/3.-IMG_20230928_125102-scaled.jpg 1920w\" sizes=\"auto, (max-width: 768px) 100vw, 768px\" \/><\/figure>\n\n\n\n<figure class=\"wp-block-image size-large\"><img loading=\"lazy\" decoding=\"async\" width=\"1024\" height=\"664\" data-id=\"222\" src=\"https:\/\/landazurijewelry.com\/wp-content\/uploads\/2025\/06\/0.-1-IMG_20221208_150522-1024x664.jpg\" alt=\"\" class=\"wp-image-222\" srcset=\"https:\/\/landazurijewelry.com\/wp-content\/uploads\/2025\/06\/0.-1-IMG_20221208_150522-1024x664.jpg 1024w, https:\/\/landazurijewelry.com\/wp-content\/uploads\/2025\/06\/0.-1-IMG_20221208_150522-300x195.jpg 300w, https:\/\/landazurijewelry.com\/wp-content\/uploads\/2025\/06\/0.-1-IMG_20221208_150522-768x498.jpg 768w, https:\/\/landazurijewelry.com\/wp-content\/uploads\/2025\/06\/0.-1-IMG_20221208_150522-1536x996.jpg 1536w, https:\/\/landazurijewelry.com\/wp-content\/uploads\/2025\/06\/0.-1-IMG_20221208_150522-2048x1328.jpg 2048w\" sizes=\"auto, (max-width: 1024px) 100vw, 1024px\" \/><\/figure>\n\n\n\n<figure class=\"wp-block-image size-large\"><img loading=\"lazy\" decoding=\"async\" width=\"768\" height=\"1024\" data-id=\"213\" src=\"https:\/\/landazurijewelry.com\/wp-content\/uploads\/2025\/06\/4.-IMG_20230324_195007-768x1024.jpg\" alt=\"\" class=\"wp-image-213\" srcset=\"https:\/\/landazurijewelry.com\/wp-content\/uploads\/2025\/06\/4.-IMG_20230324_195007-768x1024.jpg 768w, https:\/\/landazurijewelry.com\/wp-content\/uploads\/2025\/06\/4.-IMG_20230324_195007-225x300.jpg 225w, https:\/\/landazurijewelry.com\/wp-content\/uploads\/2025\/06\/4.-IMG_20230324_195007-1152x1536.jpg 1152w, https:\/\/landazurijewelry.com\/wp-content\/uploads\/2025\/06\/4.-IMG_20230324_195007-1536x2048.jpg 1536w, https:\/\/landazurijewelry.com\/wp-content\/uploads\/2025\/06\/4.-IMG_20230324_195007-scaled.jpg 1920w\" sizes=\"auto, (max-width: 768px) 100vw, 768px\" \/><\/figure>\n\n\n\n<figure class=\"wp-block-image size-large\"><img loading=\"lazy\" decoding=\"async\" width=\"1024\" height=\"768\" data-id=\"208\" src=\"https:\/\/landazurijewelry.com\/wp-content\/uploads\/2025\/06\/6.-IMG_20230308_172340-1024x768.jpg\" alt=\"\" class=\"wp-image-208\" srcset=\"https:\/\/landazurijewelry.com\/wp-content\/uploads\/2025\/06\/6.-IMG_20230308_172340-1024x768.jpg 1024w, https:\/\/landazurijewelry.com\/wp-content\/uploads\/2025\/06\/6.-IMG_20230308_172340-300x225.jpg 300w, https:\/\/landazurijewelry.com\/wp-content\/uploads\/2025\/06\/6.-IMG_20230308_172340-768x576.jpg 768w, https:\/\/landazurijewelry.com\/wp-content\/uploads\/2025\/06\/6.-IMG_20230308_172340-1536x1152.jpg 1536w, https:\/\/landazurijewelry.com\/wp-content\/uploads\/2025\/06\/6.-IMG_20230308_172340-440x330.jpg 440w, https:\/\/landazurijewelry.com\/wp-content\/uploads\/2025\/06\/6.-IMG_20230308_172340-920x690.jpg 920w, https:\/\/landazurijewelry.com\/wp-content\/uploads\/2025\/06\/6.-IMG_20230308_172340.jpg 1600w\" sizes=\"auto, (max-width: 1024px) 100vw, 1024px\" \/><\/figure>\n\n\n\n<figure class=\"wp-block-image size-large\"><img loading=\"lazy\" decoding=\"async\" width=\"768\" height=\"1024\" data-id=\"224\" src=\"https:\/\/landazurijewelry.com\/wp-content\/uploads\/2025\/06\/h.-IMG_20230620_200454-768x1024.jpg\" alt=\"\" class=\"wp-image-224\" srcset=\"https:\/\/landazurijewelry.com\/wp-content\/uploads\/2025\/06\/h.-IMG_20230620_200454-768x1024.jpg 768w, https:\/\/landazurijewelry.com\/wp-content\/uploads\/2025\/06\/h.-IMG_20230620_200454-225x300.jpg 225w, https:\/\/landazurijewelry.com\/wp-content\/uploads\/2025\/06\/h.-IMG_20230620_200454-1152x1536.jpg 1152w, https:\/\/landazurijewelry.com\/wp-content\/uploads\/2025\/06\/h.-IMG_20230620_200454-1536x2048.jpg 1536w, https:\/\/landazurijewelry.com\/wp-content\/uploads\/2025\/06\/h.-IMG_20230620_200454-scaled.jpg 1920w\" sizes=\"auto, (max-width: 768px) 100vw, 768px\" \/><\/figure>\n\n\n\n<figure class=\"wp-block-image size-large\"><img loading=\"lazy\" decoding=\"async\" width=\"1024\" height=\"883\" data-id=\"209\" src=\"https:\/\/landazurijewelry.com\/wp-content\/uploads\/2025\/06\/8.-IMG_20221017_092809-1024x883.jpg\" alt=\"\" class=\"wp-image-209\" srcset=\"https:\/\/landazurijewelry.com\/wp-content\/uploads\/2025\/06\/8.-IMG_20221017_092809-1024x883.jpg 1024w, https:\/\/landazurijewelry.com\/wp-content\/uploads\/2025\/06\/8.-IMG_20221017_092809-300x259.jpg 300w, https:\/\/landazurijewelry.com\/wp-content\/uploads\/2025\/06\/8.-IMG_20221017_092809-768x662.jpg 768w, https:\/\/landazurijewelry.com\/wp-content\/uploads\/2025\/06\/8.-IMG_20221017_092809-1536x1324.jpg 1536w, https:\/\/landazurijewelry.com\/wp-content\/uploads\/2025\/06\/8.-IMG_20221017_092809.jpg 2004w\" sizes=\"auto, (max-width: 1024px) 100vw, 1024px\" \/><figcaption class=\"wp-element-caption\">dig<\/figcaption><\/figure>\n\n\n\n<figure class=\"wp-block-image size-large\"><img loading=\"lazy\" decoding=\"async\" width=\"1024\" height=\"768\" data-id=\"216\" src=\"https:\/\/landazurijewelry.com\/wp-content\/uploads\/2025\/06\/9.-IMG_20221022_082346-1024x768.jpg\" alt=\"\" class=\"wp-image-216\" srcset=\"https:\/\/landazurijewelry.com\/wp-content\/uploads\/2025\/06\/9.-IMG_20221022_082346-1024x768.jpg 1024w, https:\/\/landazurijewelry.com\/wp-content\/uploads\/2025\/06\/9.-IMG_20221022_082346-300x225.jpg 300w, https:\/\/landazurijewelry.com\/wp-content\/uploads\/2025\/06\/9.-IMG_20221022_082346-768x576.jpg 768w, https:\/\/landazurijewelry.com\/wp-content\/uploads\/2025\/06\/9.-IMG_20221022_082346-1536x1152.jpg 1536w, https:\/\/landazurijewelry.com\/wp-content\/uploads\/2025\/06\/9.-IMG_20221022_082346-2048x1536.jpg 2048w, https:\/\/landazurijewelry.com\/wp-content\/uploads\/2025\/06\/9.-IMG_20221022_082346-440x330.jpg 440w, https:\/\/landazurijewelry.com\/wp-content\/uploads\/2025\/06\/9.-IMG_20221022_082346-920x690.jpg 920w\" sizes=\"auto, (max-width: 1024px) 100vw, 1024px\" \/><\/figure>\n<\/figure>\n\n\n<div class=\"wp-block-image\">\n<figure class=\"aligncenter size-large is-resized\"><img loading=\"lazy\" decoding=\"async\" width=\"1024\" height=\"1024\" src=\"https:\/\/landazurijewelry.com\/wp-content\/uploads\/2025\/07\/Logo-doble-anillo-blanco-1024x1024.png\" alt=\"\" class=\"wp-image-265\" style=\"width:57px;height:auto\" srcset=\"https:\/\/landazurijewelry.com\/wp-content\/uploads\/2025\/07\/Logo-doble-anillo-blanco-1024x1024.png 1024w, https:\/\/landazurijewelry.com\/wp-content\/uploads\/2025\/07\/Logo-doble-anillo-blanco-300x300.png 300w, https:\/\/landazurijewelry.com\/wp-content\/uploads\/2025\/07\/Logo-doble-anillo-blanco-150x150.png 150w, https:\/\/landazurijewelry.com\/wp-content\/uploads\/2025\/07\/Logo-doble-anillo-blanco-768x768.png 768w, https:\/\/landazurijewelry.com\/wp-content\/uploads\/2025\/07\/Logo-doble-anillo-blanco-666x666.png 666w, https:\/\/landazurijewelry.com\/wp-content\/uploads\/2025\/07\/Logo-doble-anillo-blanco.png 1080w\" sizes=\"auto, (max-width: 1024px) 100vw, 1024px\" \/><\/figure>\n<\/div>\n\n\n<p><\/p>\n","protected":false},"excerpt":{"rendered":"<p>Espl\u00e9ndida exhibici\u00f3n de obras y piezas de alta calidad con finis\u00edmos acabados y meticulosos detalles.<\/p>\n","protected":false},"author":3,"featured_media":0,"parent":0,"menu_order":0,"comment_status":"closed","ping_status":"closed","template":"","meta":{"footnotes":""},"class_list":["post-26","page","type-page","status-publish","hentry"],"_links":{"self":[{"href":"https:\/\/landazurijewelry.com\/index.php?rest_route=\/wp\/v2\/pages\/26","targetHints":{"allow":["GET"]}}],"collection":[{"href":"https:\/\/landazurijewelry.com\/index.php?rest_route=\/wp\/v2\/pages"}],"about":[{"href":"https:\/\/landazurijewelry.com\/index.php?rest_route=\/wp\/v2\/types\/page"}],"author":[{"embeddable":true,"href":"https:\/\/landazurijewelry.com\/index.php?rest_route=\/wp\/v2\/users\/3"}],"replies":[{"embeddable":true,"href":"https:\/\/landazurijewelry.com\/index.php?rest_route=%2Fwp%2Fv2%2Fcomments&post=26"}],"version-history":[{"count":5,"href":"https:\/\/landazurijewelry.com\/index.php?rest_route=\/wp\/v2\/pages\/26\/revisions"}],"predecessor-version":[{"id":273,"href":"https:\/\/landazurijewelry.com\/index.php?rest_route=\/wp\/v2\/pages\/26\/revisions\/273"}],"wp:attachment":[{"href":"https:\/\/landazurijewelry.com\/index.php?rest_route=%2Fwp%2Fv2%2Fmedia&parent=26"}],"curies":[{"name":"wp","href":"https:\/\/api.w.org\/{rel}","templated":true}]}}