{"id":25,"date":"2024-10-13T17:02:38","date_gmt":"2024-10-13T22:02:38","guid":{"rendered":"https:\/\/landazurijewelry.com\/?page_id=25"},"modified":"2025-07-09T12:48:27","modified_gmt":"2025-07-09T17:48:27","slug":"la-historia","status":"publish","type":"page","link":"https:\/\/landazurijewelry.com\/?page_id=25","title":{"rendered":"La historia"},"content":{"rendered":"\n<p>Cada uno de nosotros es una historia, una experiencia, un sentir. Cada uno tiene algo que contar, algo que guardar y algo que atesora y desea llevarlo en el recuerdo para siempre. Un recuerdo, un logro, una uni\u00f3n, un momento fuerte que merece ser conservado en la memoria v\u00edvida.<\/p>\n\n\n\n<p>Cada uno tiene algo que expresar y algo especial para dar a un ser amado.<\/p>\n\n\n<div class=\"wp-block-image\">\n<figure class=\"aligncenter size-large\"><img loading=\"lazy\" decoding=\"async\" width=\"1024\" height=\"574\" src=\"https:\/\/landazurijewelry.com\/wp-content\/uploads\/2025\/06\/scene-from-archeological-site-with-ancient-remains-discoveries-1024x574.jpg\" alt=\"\" class=\"wp-image-112\" srcset=\"https:\/\/landazurijewelry.com\/wp-content\/uploads\/2025\/06\/scene-from-archeological-site-with-ancient-remains-discoveries-1024x574.jpg 1024w, https:\/\/landazurijewelry.com\/wp-content\/uploads\/2025\/06\/scene-from-archeological-site-with-ancient-remains-discoveries-300x168.jpg 300w, https:\/\/landazurijewelry.com\/wp-content\/uploads\/2025\/06\/scene-from-archeological-site-with-ancient-remains-discoveries-768x430.jpg 768w, https:\/\/landazurijewelry.com\/wp-content\/uploads\/2025\/06\/scene-from-archeological-site-with-ancient-remains-discoveries-1536x861.jpg 1536w, https:\/\/landazurijewelry.com\/wp-content\/uploads\/2025\/06\/scene-from-archeological-site-with-ancient-remains-discoveries-2048x1148.jpg 2048w\" sizes=\"auto, (max-width: 1024px) 100vw, 1024px\" \/><\/figure>\n<\/div>\n\n<div class=\"wp-block-image\">\n<figure class=\"aligncenter size-large is-resized\"><img loading=\"lazy\" decoding=\"async\" width=\"1024\" height=\"1024\" src=\"https:\/\/landazurijewelry.com\/wp-content\/uploads\/2025\/07\/Logo-doble-anillo-blanco-1024x1024.png\" alt=\"\" class=\"wp-image-265\" style=\"width:57px;height:auto\" srcset=\"https:\/\/landazurijewelry.com\/wp-content\/uploads\/2025\/07\/Logo-doble-anillo-blanco-1024x1024.png 1024w, https:\/\/landazurijewelry.com\/wp-content\/uploads\/2025\/07\/Logo-doble-anillo-blanco-300x300.png 300w, https:\/\/landazurijewelry.com\/wp-content\/uploads\/2025\/07\/Logo-doble-anillo-blanco-150x150.png 150w, https:\/\/landazurijewelry.com\/wp-content\/uploads\/2025\/07\/Logo-doble-anillo-blanco-768x768.png 768w, https:\/\/landazurijewelry.com\/wp-content\/uploads\/2025\/07\/Logo-doble-anillo-blanco-666x666.png 666w, https:\/\/landazurijewelry.com\/wp-content\/uploads\/2025\/07\/Logo-doble-anillo-blanco.png 1080w\" sizes=\"auto, (max-width: 1024px) 100vw, 1024px\" \/><\/figure>\n<\/div>\n\n\n<p>LOS CUENTOS DE MI ABUELO<\/p>\n\n\n\n<figure class=\"wp-block-image size-large\"><img loading=\"lazy\" decoding=\"async\" width=\"1024\" height=\"768\" src=\"https:\/\/landazurijewelry.com\/wp-content\/uploads\/2025\/06\/IMG_20201207_143219-1024x768.jpg\" alt=\"\" class=\"wp-image-119\" srcset=\"https:\/\/landazurijewelry.com\/wp-content\/uploads\/2025\/06\/IMG_20201207_143219-1024x768.jpg 1024w, https:\/\/landazurijewelry.com\/wp-content\/uploads\/2025\/06\/IMG_20201207_143219-300x225.jpg 300w, https:\/\/landazurijewelry.com\/wp-content\/uploads\/2025\/06\/IMG_20201207_143219-768x576.jpg 768w, https:\/\/landazurijewelry.com\/wp-content\/uploads\/2025\/06\/IMG_20201207_143219-1536x1152.jpg 1536w, https:\/\/landazurijewelry.com\/wp-content\/uploads\/2025\/06\/IMG_20201207_143219-2048x1536.jpg 2048w, https:\/\/landazurijewelry.com\/wp-content\/uploads\/2025\/06\/IMG_20201207_143219-440x330.jpg 440w, https:\/\/landazurijewelry.com\/wp-content\/uploads\/2025\/06\/IMG_20201207_143219-920x690.jpg 920w\" sizes=\"auto, (max-width: 1024px) 100vw, 1024px\" \/><\/figure>\n\n\n\n<p>Cada tarde a las cuatro, mientras jugaba, se sentaba mi abuelo a mi lado a leerme un cuento. Mintras yo divagaba en un mundo de fantas\u00eda con mis juegos, mi abuelo le\u00eda en voz alta sus cuentos encantados. Nos hac\u00edamos compa\u00f1\u00eda el uno al otro. Yo, volaba en un mundo pintado por el dulce tono de su voz a la vez que mis juegos se fund\u00edan entre mi imaginaci\u00f3n y las historias que o\u00eda. \u00c9l, disfrutaba contarme relatos dramatizando el personaje, subiendo y bajando la voz al hilo de la trama. Cada tarde ibamos al mismo rinc\u00f3n a pasar juntos el tiempo &#8211; yo, el de mi ni\u00f1ez que crec\u00eda en medio del juego e historias, y \u00e9l, el de su vejez que se apagaba de a poco con el pasar de los d\u00edas. As\u00ed crec\u00ed, as\u00ed \u00e9l se fue un d\u00eda. Entre letras y juegos, entre libros y juguetes fueron las tardes de mi infancia. As\u00ed es c\u00f3mo mi tesoro m\u00e1s grande es mi abuelo, su voz y sus cuentos.<\/p>\n\n\n\n<figure class=\"wp-block-gallery has-nested-images columns-default is-cropped wp-block-gallery-1 is-layout-flex wp-block-gallery-is-layout-flex\">\n<figure class=\"wp-block-image size-large\"><img loading=\"lazy\" decoding=\"async\" width=\"1024\" height=\"768\" data-id=\"121\" src=\"https:\/\/landazurijewelry.com\/wp-content\/uploads\/2025\/06\/2.-IMG_20201207_143754-1024x768.jpg\" alt=\"\" class=\"wp-image-121\" srcset=\"https:\/\/landazurijewelry.com\/wp-content\/uploads\/2025\/06\/2.-IMG_20201207_143754-1024x768.jpg 1024w, https:\/\/landazurijewelry.com\/wp-content\/uploads\/2025\/06\/2.-IMG_20201207_143754-300x225.jpg 300w, https:\/\/landazurijewelry.com\/wp-content\/uploads\/2025\/06\/2.-IMG_20201207_143754-768x576.jpg 768w, https:\/\/landazurijewelry.com\/wp-content\/uploads\/2025\/06\/2.-IMG_20201207_143754-1536x1152.jpg 1536w, https:\/\/landazurijewelry.com\/wp-content\/uploads\/2025\/06\/2.-IMG_20201207_143754-2048x1536.jpg 2048w, https:\/\/landazurijewelry.com\/wp-content\/uploads\/2025\/06\/2.-IMG_20201207_143754-440x330.jpg 440w, https:\/\/landazurijewelry.com\/wp-content\/uploads\/2025\/06\/2.-IMG_20201207_143754-920x690.jpg 920w\" sizes=\"auto, (max-width: 1024px) 100vw, 1024px\" \/><\/figure>\n\n\n\n<figure class=\"wp-block-image size-large\"><img loading=\"lazy\" decoding=\"async\" width=\"1024\" height=\"768\" data-id=\"122\" src=\"https:\/\/landazurijewelry.com\/wp-content\/uploads\/2025\/06\/3.-IMG_20201207_141824-1024x768.jpg\" alt=\"\" class=\"wp-image-122\" srcset=\"https:\/\/landazurijewelry.com\/wp-content\/uploads\/2025\/06\/3.-IMG_20201207_141824-1024x768.jpg 1024w, https:\/\/landazurijewelry.com\/wp-content\/uploads\/2025\/06\/3.-IMG_20201207_141824-300x225.jpg 300w, https:\/\/landazurijewelry.com\/wp-content\/uploads\/2025\/06\/3.-IMG_20201207_141824-768x576.jpg 768w, https:\/\/landazurijewelry.com\/wp-content\/uploads\/2025\/06\/3.-IMG_20201207_141824-1536x1152.jpg 1536w, https:\/\/landazurijewelry.com\/wp-content\/uploads\/2025\/06\/3.-IMG_20201207_141824-2048x1536.jpg 2048w, https:\/\/landazurijewelry.com\/wp-content\/uploads\/2025\/06\/3.-IMG_20201207_141824-440x330.jpg 440w, https:\/\/landazurijewelry.com\/wp-content\/uploads\/2025\/06\/3.-IMG_20201207_141824-920x690.jpg 920w\" sizes=\"auto, (max-width: 1024px) 100vw, 1024px\" \/><\/figure>\n<\/figure>\n\n\n\n<p class=\"has-text-align-center\">Escultura en cobre dedicada a la memoria de mi abuelo.<\/p>\n\n\n\n<div class=\"wp-block-buttons is-content-justification-center is-layout-flex wp-container-core-buttons-is-layout-16018d1d wp-block-buttons-is-layout-flex\">\n<div class=\"wp-block-button\"><a class=\"wp-block-button__link has-white-color has-text-color has-link-color has-extra-small-font-size has-text-align-center has-custom-font-size wp-element-button\" href=\"http:\/\/el-proceso\">proceso<\/a><\/div>\n<\/div>\n\n\n\n<p><\/p>\n\n\n\n<p>YO TE LLEVO DENTRO <\/p>\n\n\n<div class=\"wp-block-image\">\n<figure class=\"aligncenter size-large is-resized\"><img loading=\"lazy\" decoding=\"async\" width=\"1024\" height=\"729\" src=\"https:\/\/landazurijewelry.com\/wp-content\/uploads\/2025\/06\/2.-IMG_20230620_154243-cut--1024x729.jpg\" alt=\"\" class=\"wp-image-172\" style=\"width:627px;height:auto\" srcset=\"https:\/\/landazurijewelry.com\/wp-content\/uploads\/2025\/06\/2.-IMG_20230620_154243-cut--1024x729.jpg 1024w, https:\/\/landazurijewelry.com\/wp-content\/uploads\/2025\/06\/2.-IMG_20230620_154243-cut--300x214.jpg 300w, https:\/\/landazurijewelry.com\/wp-content\/uploads\/2025\/06\/2.-IMG_20230620_154243-cut--768x547.jpg 768w, https:\/\/landazurijewelry.com\/wp-content\/uploads\/2025\/06\/2.-IMG_20230620_154243-cut--1536x1094.jpg 1536w, https:\/\/landazurijewelry.com\/wp-content\/uploads\/2025\/06\/2.-IMG_20230620_154243-cut--2048x1458.jpg 2048w\" sizes=\"auto, (max-width: 1024px) 100vw, 1024px\" \/><\/figure>\n<\/div>\n\n\n<p>Los lazos de nuestros destinos se tejen intrincados sin sentido u orden aparente para nuestro entender. Nos conectan y separan, se mezclan, se alejan, se vuelven a juntar. En uno de esos arrebatos de conexi\u00f3n y coincidencia que estaba preparado para nosotros dos, nos conocimos. El destino nos junt\u00f3 haci\u00e9ndolo parecer una coincidencia (jugando con sus coincidencias) para que uni\u00e9ramos nuestros caminos y empezaramos una vida juntos. Con el paso de los d\u00edas supe que no pod\u00eda separarme de ti, te metiste hondo, muy hondo: te plantaste en m\u00ed y te quedaste ah\u00ed dentro. Supe que quer\u00eda protegerte, cuidarte, ll\u00e9vate en mi coraz\u00f3n.<\/p>\n\n\n\n<figure class=\"wp-block-gallery has-nested-images columns-default is-cropped wp-block-gallery-2 is-layout-flex wp-block-gallery-is-layout-flex\">\n<figure class=\"wp-block-image size-large\"><img loading=\"lazy\" decoding=\"async\" width=\"768\" height=\"1024\" data-id=\"173\" src=\"https:\/\/landazurijewelry.com\/wp-content\/uploads\/2025\/06\/1.-IMG_20230620_005754-768x1024.jpg\" alt=\"\" class=\"wp-image-173\" srcset=\"https:\/\/landazurijewelry.com\/wp-content\/uploads\/2025\/06\/1.-IMG_20230620_005754-768x1024.jpg 768w, https:\/\/landazurijewelry.com\/wp-content\/uploads\/2025\/06\/1.-IMG_20230620_005754-225x300.jpg 225w, https:\/\/landazurijewelry.com\/wp-content\/uploads\/2025\/06\/1.-IMG_20230620_005754-1152x1536.jpg 1152w, https:\/\/landazurijewelry.com\/wp-content\/uploads\/2025\/06\/1.-IMG_20230620_005754-1536x2048.jpg 1536w, https:\/\/landazurijewelry.com\/wp-content\/uploads\/2025\/06\/1.-IMG_20230620_005754-scaled.jpg 1920w\" sizes=\"auto, (max-width: 768px) 100vw, 768px\" \/><\/figure>\n\n\n\n<figure class=\"wp-block-image size-large\"><img loading=\"lazy\" decoding=\"async\" width=\"768\" height=\"1024\" data-id=\"174\" src=\"https:\/\/landazurijewelry.com\/wp-content\/uploads\/2025\/06\/1.-IMG_20230620_200507-768x1024.jpg\" alt=\"\" class=\"wp-image-174\" srcset=\"https:\/\/landazurijewelry.com\/wp-content\/uploads\/2025\/06\/1.-IMG_20230620_200507-768x1024.jpg 768w, https:\/\/landazurijewelry.com\/wp-content\/uploads\/2025\/06\/1.-IMG_20230620_200507-225x300.jpg 225w, https:\/\/landazurijewelry.com\/wp-content\/uploads\/2025\/06\/1.-IMG_20230620_200507-1152x1536.jpg 1152w, https:\/\/landazurijewelry.com\/wp-content\/uploads\/2025\/06\/1.-IMG_20230620_200507-1536x2048.jpg 1536w, https:\/\/landazurijewelry.com\/wp-content\/uploads\/2025\/06\/1.-IMG_20230620_200507-scaled.jpg 1920w\" sizes=\"auto, (max-width: 768px) 100vw, 768px\" \/><\/figure>\n<\/figure>\n\n\n\n<p>Los lazos del destino, la convergencia del camino y la uni\u00f3n en coincidencia son s\u00edmbolos que marcan nuestra historia, qued\u00e1ndose marcados en nuestro ser, por eso, con este anillo te desposo llevando nuestra historia dentro!<\/p>\n\n\n\n<div class=\"wp-block-buttons is-content-justification-center is-layout-flex wp-container-core-buttons-is-layout-16018d1d wp-block-buttons-is-layout-flex\">\n<div class=\"wp-block-button\"><a class=\"wp-block-button__link has-white-color has-text-color has-link-color has-extra-small-font-size has-text-align-center has-custom-font-size wp-element-button\" href=\"http:\/\/el-proceso\">proceso<\/a><\/div>\n<\/div>\n\n\n\n<p><\/p>\n\n\n\n<p>ACOMP\u00c1\u00d1AME SIEMPRE<\/p>\n\n\n\n<figure class=\"wp-block-gallery has-nested-images columns-default is-cropped wp-block-gallery-3 is-layout-flex wp-block-gallery-is-layout-flex\">\n<figure class=\"wp-block-image size-full\"><img loading=\"lazy\" decoding=\"async\" width=\"522\" height=\"675\" data-id=\"203\" src=\"https:\/\/landazurijewelry.com\/wp-content\/uploads\/2025\/06\/1.-acompaname-por-siempre-1-1.png\" alt=\"\" class=\"wp-image-203\" srcset=\"https:\/\/landazurijewelry.com\/wp-content\/uploads\/2025\/06\/1.-acompaname-por-siempre-1-1.png 522w, https:\/\/landazurijewelry.com\/wp-content\/uploads\/2025\/06\/1.-acompaname-por-siempre-1-1-232x300.png 232w\" sizes=\"auto, (max-width: 522px) 100vw, 522px\" \/><\/figure>\n\n\n\n<figure class=\"wp-block-image size-large\"><img loading=\"lazy\" decoding=\"async\" width=\"569\" height=\"666\" data-id=\"202\" src=\"https:\/\/landazurijewelry.com\/wp-content\/uploads\/2025\/06\/1.-acompaname-por-siempre-3.png\" alt=\"\" class=\"wp-image-202\" srcset=\"https:\/\/landazurijewelry.com\/wp-content\/uploads\/2025\/06\/1.-acompaname-por-siempre-3.png 569w, https:\/\/landazurijewelry.com\/wp-content\/uploads\/2025\/06\/1.-acompaname-por-siempre-3-256x300.png 256w\" sizes=\"auto, (max-width: 569px) 100vw, 569px\" \/><\/figure>\n<\/figure>\n\n\n\n<p>Que nuestra uni\u00f3n<\/p>\n\n\n\n<figure class=\"wp-block-image size-large\"><img loading=\"lazy\" decoding=\"async\" width=\"1024\" height=\"768\" src=\"https:\/\/landazurijewelry.com\/wp-content\/uploads\/2025\/07\/1.-IMG_20221022_083148-1024x768.jpg\" alt=\"\" class=\"wp-image-250\" srcset=\"https:\/\/landazurijewelry.com\/wp-content\/uploads\/2025\/07\/1.-IMG_20221022_083148-1024x768.jpg 1024w, https:\/\/landazurijewelry.com\/wp-content\/uploads\/2025\/07\/1.-IMG_20221022_083148-300x225.jpg 300w, https:\/\/landazurijewelry.com\/wp-content\/uploads\/2025\/07\/1.-IMG_20221022_083148-768x576.jpg 768w, https:\/\/landazurijewelry.com\/wp-content\/uploads\/2025\/07\/1.-IMG_20221022_083148-1536x1152.jpg 1536w, https:\/\/landazurijewelry.com\/wp-content\/uploads\/2025\/07\/1.-IMG_20221022_083148-2048x1536.jpg 2048w, https:\/\/landazurijewelry.com\/wp-content\/uploads\/2025\/07\/1.-IMG_20221022_083148-440x330.jpg 440w, https:\/\/landazurijewelry.com\/wp-content\/uploads\/2025\/07\/1.-IMG_20221022_083148-920x690.jpg 920w\" sizes=\"auto, (max-width: 1024px) 100vw, 1024px\" \/><\/figure>\n\n\n\n<div class=\"wp-block-buttons is-content-justification-center is-layout-flex wp-container-core-buttons-is-layout-16018d1d wp-block-buttons-is-layout-flex\">\n<div class=\"wp-block-button\"><a class=\"wp-block-button__link has-white-color has-text-color has-link-color has-extra-small-font-size has-text-align-center has-custom-font-size wp-element-button\" href=\"http:\/\/el-proceso\">proceso<\/a><\/div>\n<\/div>\n\n\n<div class=\"wp-block-image\">\n<figure class=\"aligncenter size-large is-resized\"><img loading=\"lazy\" decoding=\"async\" width=\"1024\" height=\"1024\" src=\"https:\/\/landazurijewelry.com\/wp-content\/uploads\/2025\/07\/Logo-doble-anillo-blanco-1024x1024.png\" alt=\"\" class=\"wp-image-265\" style=\"width:57px;height:auto\" srcset=\"https:\/\/landazurijewelry.com\/wp-content\/uploads\/2025\/07\/Logo-doble-anillo-blanco-1024x1024.png 1024w, https:\/\/landazurijewelry.com\/wp-content\/uploads\/2025\/07\/Logo-doble-anillo-blanco-300x300.png 300w, https:\/\/landazurijewelry.com\/wp-content\/uploads\/2025\/07\/Logo-doble-anillo-blanco-150x150.png 150w, https:\/\/landazurijewelry.com\/wp-content\/uploads\/2025\/07\/Logo-doble-anillo-blanco-768x768.png 768w, https:\/\/landazurijewelry.com\/wp-content\/uploads\/2025\/07\/Logo-doble-anillo-blanco-666x666.png 666w, https:\/\/landazurijewelry.com\/wp-content\/uploads\/2025\/07\/Logo-doble-anillo-blanco.png 1080w\" sizes=\"auto, (max-width: 1024px) 100vw, 1024px\" \/><\/figure>\n<\/div>\n\n\n<p><\/p>\n","protected":false},"excerpt":{"rendered":"<p>Cada uno de nosotros es una historia, una experiencia, un sentir. Cada uno tiene algo que contar, algo que guardar<\/p>\n<p><a href=\"https:\/\/landazurijewelry.com\/?page_id=25\" class=\"more-link\">Continue reading<span class=\"screen-reader-text\">La historia<\/span><\/a><\/p>\n","protected":false},"author":3,"featured_media":0,"parent":0,"menu_order":0,"comment_status":"closed","ping_status":"closed","template":"","meta":{"footnotes":""},"class_list":["post-25","page","type-page","status-publish","hentry"],"_links":{"self":[{"href":"https:\/\/landazurijewelry.com\/index.php?rest_route=\/wp\/v2\/pages\/25","targetHints":{"allow":["GET"]}}],"collection":[{"href":"https:\/\/landazurijewelry.com\/index.php?rest_route=\/wp\/v2\/pages"}],"about":[{"href":"https:\/\/landazurijewelry.com\/index.php?rest_route=\/wp\/v2\/types\/page"}],"author":[{"embeddable":true,"href":"https:\/\/landazurijewelry.com\/index.php?rest_route=\/wp\/v2\/users\/3"}],"replies":[{"embeddable":true,"href":"https:\/\/landazurijewelry.com\/index.php?rest_route=%2Fwp%2Fv2%2Fcomments&post=25"}],"version-history":[{"count":14,"href":"https:\/\/landazurijewelry.com\/index.php?rest_route=\/wp\/v2\/pages\/25\/revisions"}],"predecessor-version":[{"id":283,"href":"https:\/\/landazurijewelry.com\/index.php?rest_route=\/wp\/v2\/pages\/25\/revisions\/283"}],"wp:attachment":[{"href":"https:\/\/landazurijewelry.com\/index.php?rest_route=%2Fwp%2Fv2%2Fmedia&parent=25"}],"curies":[{"name":"wp","href":"https:\/\/api.w.org\/{rel}","templated":true}]}}