{"id":24,"date":"2024-10-13T17:02:38","date_gmt":"2024-10-13T22:02:38","guid":{"rendered":"https:\/\/landazurijewelry.com\/?page_id=24"},"modified":"2025-07-09T12:37:39","modified_gmt":"2025-07-09T17:37:39","slug":"el-artista","status":"publish","type":"page","link":"https:\/\/landazurijewelry.com\/?page_id=24","title":{"rendered":"El Artista"},"content":{"rendered":"<div class=\"wp-block-image is-style-default\">\n<figure class=\"aligncenter size-large is-resized\"><img loading=\"lazy\" decoding=\"async\" width=\"1024\" height=\"771\" src=\"https:\/\/landazurijewelry.com\/wp-content\/uploads\/2025\/06\/El-artista-1024x771.jpeg\" alt=\"\" class=\"wp-image-61\" style=\"width:604px;height:auto\" srcset=\"https:\/\/landazurijewelry.com\/wp-content\/uploads\/2025\/06\/El-artista-1024x771.jpeg 1024w, https:\/\/landazurijewelry.com\/wp-content\/uploads\/2025\/06\/El-artista-300x226.jpeg 300w, https:\/\/landazurijewelry.com\/wp-content\/uploads\/2025\/06\/El-artista-768x578.jpeg 768w, https:\/\/landazurijewelry.com\/wp-content\/uploads\/2025\/06\/El-artista-1536x1156.jpeg 1536w, https:\/\/landazurijewelry.com\/wp-content\/uploads\/2025\/06\/El-artista-440x330.jpeg 440w, https:\/\/landazurijewelry.com\/wp-content\/uploads\/2025\/06\/El-artista.jpeg 1600w\" sizes=\"auto, (max-width: 1024px) 100vw, 1024px\" \/><\/figure>\n<\/div>\n\n\n<figure class=\"wp-block-pullquote\"><blockquote><p>\u00abLo bueno de trabajar de manera directa con el narrador de la historia es que tengo la libertad de incorporar elementos de est\u00e9tica y armon\u00eda que considero necesarios para embellecer cada obra. Ellos me cuentan su historia y yo la interpreto en una joya. Es un proceso que lo hacemos juntos hasta que llegamos al resultado que a todos nos complace.\u00bb<\/p><cite>Jorge Land\u00e1zuri<\/cite><\/blockquote><\/figure>\n\n\n<div class=\"wp-block-image\">\n<figure class=\"aligncenter size-large is-resized\"><img loading=\"lazy\" decoding=\"async\" width=\"1024\" height=\"1024\" src=\"https:\/\/landazurijewelry.com\/wp-content\/uploads\/2025\/07\/Logo-doble-anillo-blanco-1024x1024.png\" alt=\"\" class=\"wp-image-265\" style=\"width:57px;height:auto\" srcset=\"https:\/\/landazurijewelry.com\/wp-content\/uploads\/2025\/07\/Logo-doble-anillo-blanco-1024x1024.png 1024w, https:\/\/landazurijewelry.com\/wp-content\/uploads\/2025\/07\/Logo-doble-anillo-blanco-300x300.png 300w, https:\/\/landazurijewelry.com\/wp-content\/uploads\/2025\/07\/Logo-doble-anillo-blanco-150x150.png 150w, https:\/\/landazurijewelry.com\/wp-content\/uploads\/2025\/07\/Logo-doble-anillo-blanco-768x768.png 768w, https:\/\/landazurijewelry.com\/wp-content\/uploads\/2025\/07\/Logo-doble-anillo-blanco-666x666.png 666w, https:\/\/landazurijewelry.com\/wp-content\/uploads\/2025\/07\/Logo-doble-anillo-blanco.png 1080w\" sizes=\"auto, (max-width: 1024px) 100vw, 1024px\" \/><\/figure>\n<\/div>\n\n\n<div class=\"wp-block-group is-layout-grid wp-container-core-group-is-layout-9649a0d9 wp-block-group-is-layout-grid\">\n<div class=\"wp-block-group is-layout-grid wp-container-core-group-is-layout-9649a0d9 wp-block-group-is-layout-grid\">\n<div class=\"wp-block-group is-layout-grid wp-container-core-group-is-layout-9649a0d9 wp-block-group-is-layout-grid\">\n<figure class=\"wp-block-image\"><img loading=\"lazy\" decoding=\"async\" width=\"1022\" height=\"1024\" src=\"https:\/\/landazurijewelry.com\/wp-content\/uploads\/2025\/06\/Meticuloso-1022x1024.jpg\" alt=\"\" class=\"wp-image-68\" srcset=\"https:\/\/landazurijewelry.com\/wp-content\/uploads\/2025\/06\/Meticuloso-1022x1024.jpg 1022w, https:\/\/landazurijewelry.com\/wp-content\/uploads\/2025\/06\/Meticuloso-300x300.jpg 300w, https:\/\/landazurijewelry.com\/wp-content\/uploads\/2025\/06\/Meticuloso-150x150.jpg 150w, https:\/\/landazurijewelry.com\/wp-content\/uploads\/2025\/06\/Meticuloso-768x770.jpg 768w, https:\/\/landazurijewelry.com\/wp-content\/uploads\/2025\/06\/Meticuloso-666x666.jpg 666w, https:\/\/landazurijewelry.com\/wp-content\/uploads\/2025\/06\/Meticuloso.jpg 1446w\" sizes=\"auto, (max-width: 1022px) 100vw, 1022px\" \/><\/figure>\n<\/div>\n<\/div>\n\n\n\n<div class=\"wp-block-cover has-custom-content-position is-position-top-left\"><img loading=\"lazy\" decoding=\"async\" width=\"819\" height=\"1024\" class=\"wp-block-cover__image-background wp-image-67\" alt=\"\" src=\"https:\/\/landazurijewelry.com\/wp-content\/uploads\/2025\/06\/Deportista1-819x1024.png\" data-object-fit=\"cover\" srcset=\"https:\/\/landazurijewelry.com\/wp-content\/uploads\/2025\/06\/Deportista1-819x1024.png 819w, https:\/\/landazurijewelry.com\/wp-content\/uploads\/2025\/06\/Deportista1-240x300.png 240w, https:\/\/landazurijewelry.com\/wp-content\/uploads\/2025\/06\/Deportista1-768x960.png 768w, https:\/\/landazurijewelry.com\/wp-content\/uploads\/2025\/06\/Deportista1.png 1080w\" sizes=\"auto, (max-width: 819px) 100vw, 819px\" \/><span aria-hidden=\"true\" class=\"wp-block-cover__background has-background-dim\"><\/span><div class=\"wp-block-cover__inner-container is-layout-flow wp-block-cover-is-layout-flow\">\n<p><\/p>\n<\/div><\/div>\n\n\n<\/div>\n\n\n\n<p>Bohemio<\/p>\n\n\n\n<p>Deportista<\/p>\n\n\n\n<details class=\"wp-block-details is-layout-flow wp-block-details-is-layout-flow\"><summary>Ya son 20 a\u00f1os de historia en al arte de la joyer\u00eda.<br>Mi inclinaci\u00f3n despert\u00f3 con tan solo 15 a\u00f1os; tiempo en el que el metal, el fuego y la amalgama avivaron en mi la curiosidad de la transformaci\u00f3n, la posibilidad de moldear, la maravilla de crear algo hermoso con mis manos. Sin barreras de tiempo o impedimentos de prejuicios sociales, inici\u00e9 mi camino en un arte que es m\u00e1s que arte, que es belleza tra\u00edda a la realidad, palpable, sublime y eterna.<br><br>Con el respaldo certero de mis progenitores, siguiendo el llamado de mi talento, me adentr\u00e9 una labor que no sab\u00eda que estaba hecha para m\u00ed. D\u00ed mis primeros pasos en el taller del maestro PETETE TAPIA, quien me mostr\u00f3 como el fuego hace magia con el oro y la plata. Qued\u00e9 perplejo con la suavidad del metal al calor de la llama y no me despegu\u00e9 de su encanto. Experiment\u00e9, me equivoqu\u00e9, aprend\u00ed, me convert\u00ed en un maestro sin saberlo. Los a\u00f1os molderon mi arte, como mis manos han moldeado miles de piezas.<br><br>El tiempo en el arte me transform\u00f3 experto: cada pieza fue una lecci\u00f3n, un ensayo, un error, un \u00e9xito alcanzado, una obra de arte; el resultado de un aprendizaje ganado en la pr\u00e1ctica, con las manos en obra, haciendo lo que me apasionaba hacer. Fall\u00e9 varias veces, muchas otras repet\u00ed y repet\u00ed una pieza hasta que quedaba c\u00f3mo deb\u00eda quedar.<br><br> camino que estaba ah\u00ed para mi sin que yo lo supiera. El resultado de un trabajo incansable, de perfeccionamiento constante, de mejora continua. El resultado de una voluntad no calculada que construy\u00f3 mi camino en el arte.<br> el resultado de un camino que estaba ah\u00ed para mi sin que yo lo supiera. El resultado de un trabajo incansable, de perfeccionamiento constante, de mejora continua. El resultado de una voluntad no calculada que construy\u00f3 mi camino en el arte <br><br> Aprend\u00ed con<br><br><\/summary>\n<p><\/p>\n<\/details>\n\n\n<div class=\"wp-block-image\">\n<figure class=\"aligncenter size-large is-resized\"><img loading=\"lazy\" decoding=\"async\" width=\"1024\" height=\"1024\" src=\"https:\/\/landazurijewelry.com\/wp-content\/uploads\/2025\/07\/Logo-doble-anillo-blanco-1024x1024.png\" alt=\"\" class=\"wp-image-265\" style=\"width:57px;height:auto\" srcset=\"https:\/\/landazurijewelry.com\/wp-content\/uploads\/2025\/07\/Logo-doble-anillo-blanco-1024x1024.png 1024w, https:\/\/landazurijewelry.com\/wp-content\/uploads\/2025\/07\/Logo-doble-anillo-blanco-300x300.png 300w, https:\/\/landazurijewelry.com\/wp-content\/uploads\/2025\/07\/Logo-doble-anillo-blanco-150x150.png 150w, https:\/\/landazurijewelry.com\/wp-content\/uploads\/2025\/07\/Logo-doble-anillo-blanco-768x768.png 768w, https:\/\/landazurijewelry.com\/wp-content\/uploads\/2025\/07\/Logo-doble-anillo-blanco-666x666.png 666w, https:\/\/landazurijewelry.com\/wp-content\/uploads\/2025\/07\/Logo-doble-anillo-blanco.png 1080w\" sizes=\"auto, (max-width: 1024px) 100vw, 1024px\" \/><\/figure>\n<\/div>","protected":false},"excerpt":{"rendered":"<p>\u00abLo bueno de trabajar de manera directa con el narrador de la historia es que tengo la libertad de incorporar<\/p>\n<p><a href=\"https:\/\/landazurijewelry.com\/?page_id=24\" class=\"more-link\">Continue reading<span class=\"screen-reader-text\">El Artista<\/span><\/a><\/p>\n","protected":false},"author":3,"featured_media":0,"parent":0,"menu_order":0,"comment_status":"closed","ping_status":"closed","template":"","meta":{"footnotes":""},"class_list":["post-24","page","type-page","status-publish","hentry"],"_links":{"self":[{"href":"https:\/\/landazurijewelry.com\/index.php?rest_route=\/wp\/v2\/pages\/24","targetHints":{"allow":["GET"]}}],"collection":[{"href":"https:\/\/landazurijewelry.com\/index.php?rest_route=\/wp\/v2\/pages"}],"about":[{"href":"https:\/\/landazurijewelry.com\/index.php?rest_route=\/wp\/v2\/types\/page"}],"author":[{"embeddable":true,"href":"https:\/\/landazurijewelry.com\/index.php?rest_route=\/wp\/v2\/users\/3"}],"replies":[{"embeddable":true,"href":"https:\/\/landazurijewelry.com\/index.php?rest_route=%2Fwp%2Fv2%2Fcomments&post=24"}],"version-history":[{"count":9,"href":"https:\/\/landazurijewelry.com\/index.php?rest_route=\/wp\/v2\/pages\/24\/revisions"}],"predecessor-version":[{"id":279,"href":"https:\/\/landazurijewelry.com\/index.php?rest_route=\/wp\/v2\/pages\/24\/revisions\/279"}],"wp:attachment":[{"href":"https:\/\/landazurijewelry.com\/index.php?rest_route=%2Fwp%2Fv2%2Fmedia&parent=24"}],"curies":[{"name":"wp","href":"https:\/\/api.w.org\/{rel}","templated":true}]}}